{"id":11,"date":"2022-05-19T05:33:46","date_gmt":"2022-05-19T05:33:46","guid":{"rendered":"https:\/\/chesscanada.net\/?page_id=11"},"modified":"2022-05-19T05:37:38","modified_gmt":"2022-05-19T05:37:38","slug":"jeu-dechec-pour-aveugle-et-mal-voyant","status":"publish","type":"page","link":"https:\/\/chesscanada.net\/","title":{"rendered":"Jeu d&#8217;\u00e9chec pour aveugle et mal voyant"},"content":{"rendered":"\n<figure class=\"wp-block-image size-full\"><img loading=\"lazy\" width=\"600\" height=\"600\" src=\"https:\/\/chesscanada.net\/wp-content\/uploads\/2022\/05\/jeux-dechec-en-braille.jpeg\" alt=\"\" class=\"wp-image-12\" srcset=\"https:\/\/chesscanada.net\/wp-content\/uploads\/2022\/05\/jeux-dechec-en-braille.jpeg 600w, https:\/\/chesscanada.net\/wp-content\/uploads\/2022\/05\/jeux-dechec-en-braille-300x300.jpeg 300w, https:\/\/chesscanada.net\/wp-content\/uploads\/2022\/05\/jeux-dechec-en-braille-150x150.jpeg 150w\" sizes=\"(max-width: 600px) 100vw, 600px\" \/><\/figure>\n\n\n\n<p>Braille et au-del\u00e0 &#8211; Explorer le monde des \u00e9checs avec des joueurs aveugles<br>Dans le monde entier, des joueurs aveugles et malvoyants ont prouv\u00e9 que les \u00e9checs peuvent \u00eatre jou\u00e9s par n&#8217;importe qui !<\/p>\n\n\n\n<p>Les joueurs d&#8217;\u00e9checs aveugles et malvoyants sont beaucoup plus pr\u00e9sents dans le monde international des \u00e9checs que beaucoup ne le pensent !<\/p>\n\n\n\n<p>Sans avoir besoin d&#8217;utiliser vos yeux, jouer aux \u00e9checs requiert la capacit\u00e9 de &#8220;voir&#8221; la disposition d&#8217;un \u00e9chiquier dans votre esprit. Ce n&#8217;est pas une diff\u00e9rence significative par rapport \u00e0 la fa\u00e7on dont les personnes voyantes jouent aux \u00e9checs. Les voyants s&#8217;habituent simplement \u00e0 voir l&#8217;\u00e9chiquier dispos\u00e9 devant eux.<\/p>\n\n\n\n<h2>Soutien aux joueurs d&#8217;\u00e9checs aveugles<br><\/h2>\n\n\n\n<p>Il existe de nombreuses associations nationales d&#8217;\u00e9checs en braille qui fournissent une assistance, une \u00e9ducation, ainsi qu&#8217;une communaut\u00e9 bas\u00e9e sur les \u00e9checs, pour les joueurs aveugles. Ces associations proposent des le\u00e7ons d&#8217;\u00e9checs, du mat\u00e9riel d&#8217;apprentissage en braille et des jeux d&#8217;\u00e9checs. Il existe \u00e9galement des tournois d&#8217;\u00e9checs pour les joueurs aveugles et malvoyants.<\/p>\n\n\n\n<p>Deux joueurs d&#8217;\u00e9checs aveugles jouent aux \u00e9checs sur des jeux d&#8217;\u00e9checs en braille.<br>Pour jouer aux \u00e9checs sans l&#8217;usage de ses yeux, il faut \u00eatre capable de &#8220;voir&#8221; la disposition d&#8217;une partie d&#8217;\u00e9checs dans son esprit.<\/p>\n\n\n\n<p>L&#8217;association internationale d&#8217;\u00e9checs en braille de la FIDE (IBCA), est une association internationale qui a une influence en Am\u00e9rique du Nord, en Am\u00e9rique du Sud et en Europe. La FIDE fournit \u00e9galement des directives \u00e0 toute personne qui joue un tournoi contre une personne aveugle.<\/p>\n\n\n\n<ul><li>Les deux joueurs doivent \u00e9noncer leurs coups.<br>Pour assurer un chronom\u00e9trage \u00e9quitable, des horloges &#8220;parlantes&#8221; ou \u00e0 clavier tactile doivent \u00eatre utilis\u00e9es.<\/li><li>Des magn\u00e9tophones peuvent \u00eatre utilis\u00e9s \u00e0 la place des cartes de score traditionnelles, afin que le joueur aveugle puisse conserver un enregistrement pour une analyse ult\u00e9rieure.<\/li><\/ul>\n\n\n\n<p>La Braille Chess Association du Royaume-Uni est l&#8217;une des deux plus grandes associations d&#8217;\u00e9checs en braille au niveau national. L&#8217;association am\u00e9ricaine des \u00e9checs en braille est l&#8217;autre. En France vous pouvez trouver du <a href=\"https:\/\/le-palais-des-echecs.com\/\">mat\u00e9riel de jeu d&#8217;\u00e9chec<\/a> pour aveugle sur le site du PalaisDesEchecs.<\/p>\n\n\n\n<h2>Association des \u00e9checs en braille<\/h2>\n\n\n\n<p>Logo de l&#8217;Association des \u00e9checs en braille L&#8217;Association des \u00e9checs en braille du Royaume-Uni vise \u00e0 am\u00e9liorer les comp\u00e9tences \u00e9chiqu\u00e9ennes et l&#8217;\u00e9ducation des joueurs aveugles et malvoyants, y compris ceux qui n&#8217;utilisent pas le braille.<\/p>\n\n\n\n<p>La BCA offre une grande quantit\u00e9 de mat\u00e9riel et de ressources, organise des tournois, et encourage \u00e9galement les joueurs aveugles \u00e0 participer \u00e0 des \u00e9v\u00e9nements et des comp\u00e9titions d&#8217;\u00e9checs non aveugles.<\/p>\n\n\n\n<p>L&#8217;adh\u00e9sion est gratuite pour tous les r\u00e9sidents britanniques malvoyants de moins de 18 ans, et pour les aveugles ou malvoyants de moins de 25 ans.<\/p>\n\n\n\n<p>Les membres de la BCA peuvent avoir l&#8217;opportunit\u00e9 de jouer dans des \u00e9v\u00e9nements organis\u00e9s par la BCA ainsi que de repr\u00e9senter l&#8217;association dans d&#8217;autres \u00e9v\u00e9nements dans le monde entier. Les membres de la BCA ont acc\u00e8s \u00e0 de nombreuses autres ressources.<\/p>\n\n\n\n<h2>Ressources et mat\u00e9riel pour les membres<\/h2>\n\n\n\n<figure class=\"wp-block-image size-full\"><img loading=\"lazy\" width=\"450\" height=\"249\" src=\"https:\/\/chesscanada.net\/wp-content\/uploads\/2022\/05\/jeu-dechec-pour-aveugle.jpeg\" alt=\"\" class=\"wp-image-14\" srcset=\"https:\/\/chesscanada.net\/wp-content\/uploads\/2022\/05\/jeu-dechec-pour-aveugle.jpeg 450w, https:\/\/chesscanada.net\/wp-content\/uploads\/2022\/05\/jeu-dechec-pour-aveugle-300x166.jpeg 300w\" sizes=\"(max-width: 450px) 100vw, 450px\" \/><\/figure>\n\n\n\n<ul><li>Un abonnement \u00e0 The Gazette (bulletin d&#8217;information de la BCA) et \u00e0 toute autre publication suppl\u00e9mentaire.<\/li><li>Acc\u00e8s \u00e0 une vaste biblioth\u00e8que de livres audio et de livres \u00e9lectroniques sur les \u00e9checs. Le mat\u00e9riel audio est disponible en trois formats : cassette et disque compact.<\/li><li>Remises sur le BCA Shop. Le BCA g\u00e8re une petite boutique en ligne, vendant des jeux d&#8217;\u00e9checs tactiles et des horloges d&#8217;\u00e9checs parlantes \u00e0 un prix r\u00e9duit pour les membres (limite d&#8217;un jeu par membre, en raison de la quantit\u00e9 limit\u00e9e). Ils vendent \u00e9galement des polos et des sacs fourre-tout (qui sont de la taille parfaite pour un petit jeu d&#8217;\u00e9checs et une horloge d&#8217;\u00e9checs) avec le logo du BCA.<\/li><\/ul>\n\n\n\n<p>Informations de contact<br>Pour toute question concernant l&#8217;adh\u00e9sion ou pour faire un don, veuillez envoyer un courriel \u00e0 contact@chesscanada.net.<\/p>\n\n\n\n<h2>Association Fran\u00e7aise des \u00e9checs en braille<\/h2>\n\n\n\n<p>L&#8217;Association fran\u00e7aise des \u00e9checs en braille a \u00e9galement eu un impact dans le monde des \u00e9checs pour aveugles.<\/p>\n\n\n\n<p><\/p>\n\n\n\n<p>Entre autres avantages, les membres peuvent participer \u00e0 des parties d&#8217;\u00e9checs occasionnelles avec d&#8217;autres membres, ainsi qu&#8217;aux tournois de l&#8217;association (par correspondance et en temps r\u00e9el). L&#8217;association tient une liste de classement active, o\u00f9 tous les membres peuvent suivre leur classement personnel.<\/p>\n\n\n\n<h2>Ressources et mat\u00e9riel pour les membres<\/h2>\n\n\n\n<ul><li>Le magazine trimestriel &#8220;Challenger&#8221; publi\u00e9 par l&#8217;US BCA, livr\u00e9 par courriel.<\/li><li>Acc\u00e8s \u00e0 une vaste biblioth\u00e8que de livres d&#8217;\u00e9checs en braille et de mat\u00e9riel sur disque compact ou cassette.<br>Dans un cours hebdomadaire en ligne, Jim Thoune, Vice-pr\u00e9sident de l&#8217;US BCA, partage avec les membres son exp\u00e9rience de plus de 40 ans dans le domaine des \u00e9checs. Ces cours ont lieu dans le salon de discussion &#8220;Chess Castle&#8221; sur un site web appel\u00e9 out of sight, le jeudi \u00e0 10h10 ET.<\/li><li>Pour ceux qui sont tout nouveaux dans le jeu d&#8217;\u00e9checs, la Hadley School for the Blind offre deux cours en ligne gratuits pour vous mettre \u00e0 niveau. L&#8217;avantage de ce cours est qu&#8217;il comprend un jeu d&#8217;\u00e9checs adaptatif gratuit et la possibilit\u00e9 d&#8217;adh\u00e9rer gratuitement \u00e0 l&#8217;US BCA apr\u00e8s l&#8217;avoir suivi !<\/li><li>La possibilit\u00e9 de jouer aux \u00e9checs de mani\u00e8re amicale et comp\u00e9titive avec d&#8217;autres membres par correspondance \u00e9lectronique, ou en temps r\u00e9el via Skype.<\/li><\/ul>\n\n\n\n<h2>Produits d&#8217;\u00e9checs pour les aveugles<\/h2>\n\n\n\n<p>Il existe aujourd&#8217;hui quelques produits sp\u00e9cifiquement destin\u00e9s aux joueurs d&#8217;\u00e9checs aveugles.<\/p>\n\n\n\n<h3>Sets de Braille (Tactile).<br><\/h3>\n\n\n\n<figure class=\"wp-block-image size-full\"><img loading=\"lazy\" width=\"600\" height=\"600\" src=\"https:\/\/chesscanada.net\/wp-content\/uploads\/2022\/05\/jeu-de\u0301chec-avec-reperes-tactiles.jpeg\" alt=\"\" class=\"wp-image-13\" srcset=\"https:\/\/chesscanada.net\/wp-content\/uploads\/2022\/05\/jeu-de\u0301chec-avec-reperes-tactiles.jpeg 600w, https:\/\/chesscanada.net\/wp-content\/uploads\/2022\/05\/jeu-de\u0301chec-avec-reperes-tactiles-300x300.jpeg 300w, https:\/\/chesscanada.net\/wp-content\/uploads\/2022\/05\/jeu-de\u0301chec-avec-reperes-tactiles-150x150.jpeg 150w\" sizes=\"(max-width: 600px) 100vw, 600px\" \/><\/figure>\n\n\n\n<p>Vous pouvez facilement rendre les \u00e9checs accessibles aux aveugles en faisant quelques ajustements mineurs \u00e0 un jeu de pi\u00e8ces d&#8217;\u00e9checs existant. Ceux-ci sont g\u00e9n\u00e9ralement disponibles \u00e0 un prix raisonnable.<br>Jeu d&#8217;\u00e9checs en braille, Roi 3.75<br>Jeu d&#8217;\u00e9checs en braille 3.75&#8221; King<\/p>\n\n\n\n<p>Jeu d&#8217;Echecs en Braille &#8211; Roi 3.25<br>Jeu d&#8217;\u00e9checs en braille &#8211; 3.25&#8221; King<\/p>\n\n\n\n<p>Ces &#8220;jeux d&#8217;\u00e9checs tactiles&#8221;, comme on les appelle, ont plusieurs caract\u00e9ristiques distinctives.<\/p>\n\n\n\n<ul><li>Le contraste frappant entre les espaces noirs et blancs. Souvent, tous les espaces d&#8217;une couleur sont sur\u00e9lev\u00e9s de quelques millim\u00e8tres par rapport aux autres.<\/li><li>Toutes les pi\u00e8ces d&#8217;une m\u00eame couleur ont une marque distinctive sur la t\u00eate (par exemple, des bosses ou une broche en m\u00e9tal) pour faciliter la diff\u00e9renciation.<\/li><li>Chaque pi\u00e8ce a une cheville \u00e0 sa base qui s&#8217;ins\u00e8re dans les petits trous de chaque case de l&#8217;\u00e9chiquier.<br>Il existe \u00e9galement des jeux d&#8217;\u00e9checs qui peuvent \u00eatre utilis\u00e9s par les personnes aveugles. Ces jeux ont des pi\u00e8ces magn\u00e9tiques et non chevill\u00e9es. Ces jeux sont plus petits que les jeux d&#8217;\u00e9checs traditionnels, et ils peuvent \u00e9galement \u00eatre utilis\u00e9s comme jeux de voyage.<\/li><\/ul>\n\n\n\n<h2>Horloges d&#8217;\u00e9checs parlantes<\/h2>\n\n\n\n<p>Bien que les horloges d&#8217;\u00e9checs soient toujours \u00e9quip\u00e9es d&#8217;un affichage num\u00e9rique et disposent de prises pour \u00e9couteurs, chaque joueur aveugle peut entendre le temps restant ou le coup en cours. Ces horloges sont con\u00e7ues de mani\u00e8re \u00e0 pouvoir \u00eatre r\u00e9gl\u00e9es et utilis\u00e9es sans l&#8217;aide d&#8217;une personne voyante.<\/p>\n\n\n\n<h2>Livres d&#8217;\u00e9checs en braille<\/h2>\n\n\n\n<p>Un grand nombre de livres sur les \u00e9checs ont \u00e9t\u00e9 traduits en braille ou enregistr\u00e9s en format audiobook. La mani\u00e8re la plus facile d&#8217;obtenir ces titres est de contacter l&#8217;association des \u00e9checs en braille de votre pays.<\/p>\n\n\n\n<h2>Logiciels pour les \u00e9checs accessibles<\/h2>\n\n\n\n<p>Jouer aux \u00e9checs \u00e0 votre guise sur un ordinateur est une option pour les joueurs aveugles sur plusieurs plateformes en ligne diff\u00e9rentes !<\/p>\n\n\n\n<p>Le site mondialement connu du &#8220;International Chess Club&#8221;, ChessClub.com, est toujours accessible aux joueurs malvoyants. Tout ce que vous avez \u00e0 faire est de t\u00e9l\u00e9charger un plug-in appel\u00e9 &#8220;Blitz-in Move&#8221;.<\/p>\n\n\n\n<p>Un programme enti\u00e8rement gratuit qui vous permet de choisir entre les modes de jeu pour aveugles, malvoyants et voyants. Ce programme comprend \u00e9galement des fonctions telles que &#8220;hint&#8221; et un tutoriel de jeu, ce qui en fait un excellent choix pour les nouveaux venus dans le jeu.<\/p>\n\n\n\n<p>Une autre plateforme en ligne accessible aux joueurs non-voyants est :<\/p>\n\n\n\n<ul><li>Fritz<\/li><li>Winboard 4.5.2 pour Jaws<\/li><li>KChess Elite<\/li><\/ul>\n\n\n\n<h2>Ma\u00eetre d&#8217;\u00e9checs aveugle Albert Sandrin<\/h2>\n\n\n\n<p>Albert Sandrin (1923-1904) \u00e9tait peut-\u00eatre l&#8217;un des aveugles les plus \u00e9minents \u00e0 atteindre le rang de ma\u00eetre d&#8217;\u00e9checs. Sandrin est n\u00e9 avec une d\u00e9ficience visuelle qui s&#8217;est aggrav\u00e9e dans son enfance. Il est devenu compl\u00e8tement aveugle en 1968, date \u00e0 laquelle il \u00e9tait le joueur le mieux class\u00e9 de l&#8217;\u00e9quipe am\u00e9ricaine d&#8217;\u00e9checs en braille. Sandrin remporte l&#8217;US Open 1949 malgr\u00e9 sa c\u00e9cit\u00e9 quasi-totale. Il a \u00e9galement termin\u00e9 deuxi\u00e8me en 1952. En 1944, il remporte le championnat de l&#8217;\u00c9tat de l&#8217;Illinois. Sandrin participa (et gagna !) \u00e0 l&#8217;International Braille Chess Association de 1958. de nombreux championnats, repr\u00e9sentant les \u00c9tats-Unis. Plus d&#8217;<a href=\"http:\/\/www.echecsinfos.com\/p\/portail-liens.html\">infos sur les Ma\u00eetre d&#8217;\u00e9checs<\/a> sur EchecsInfos<\/p>\n\n\n\n<h2>Nos derni\u00e8res pens\u00e9es<\/h2>\n\n\n\n<p>Nous croyons que tout le monde peut apprendre et jouer aux \u00e9checs. Il est \u00e9tonnant de voir combien de ressources sont disponibles pour rendre les \u00e9checs accessibles aux joueurs aveugles et malvoyants. Nous soutenons et admirons les efforts des clubs d&#8217;\u00e9checs en braille du monde entier qui ont rendu cela possible.<\/p>\n","protected":false},"excerpt":{"rendered":"<p>Braille et au-del\u00e0 &#8211; Explorer le monde des \u00e9checs avec des joueurs aveuglesDans le monde entier, des joueurs aveugles et malvoyants ont prouv\u00e9 que les \u00e9checs peuvent \u00eatre jou\u00e9s par n&#8217;importe qui ! Les joueurs d&#8217;\u00e9checs aveugles et malvoyants sont beaucoup plus pr\u00e9sents dans le monde international des \u00e9checs que beaucoup ne le pensent ! [&hellip;]<\/p>\n","protected":false},"author":1,"featured_media":0,"parent":0,"menu_order":0,"comment_status":"closed","ping_status":"closed","template":"","meta":[],"yoast_head":"<!-- This site is optimized with the Yoast SEO plugin v19.1 - https:\/\/yoast.com\/wordpress\/plugins\/seo\/ -->\n<title>Jeu d&#039;\u00e9chec pour aveugle et mal voyant - Association jeu d&#039;\u00e9chec pour MalVoyant<\/title>\n<meta name=\"robots\" content=\"index, follow, max-snippet:-1, max-image-preview:large, max-video-preview:-1\" \/>\n<link rel=\"canonical\" href=\"https:\/\/chesscanada.net\/\" \/>\n<meta property=\"og:locale\" content=\"en_US\" \/>\n<meta property=\"og:type\" content=\"article\" \/>\n<meta property=\"og:title\" content=\"Jeu d&#039;\u00e9chec pour aveugle et mal voyant - Association jeu d&#039;\u00e9chec pour MalVoyant\" \/>\n<meta property=\"og:description\" content=\"Braille et au-del\u00e0 &#8211; Explorer le monde des \u00e9checs avec des joueurs aveuglesDans le monde entier, des joueurs aveugles et malvoyants ont prouv\u00e9 que les \u00e9checs peuvent \u00eatre jou\u00e9s par n&#8217;importe qui ! Les joueurs d&#8217;\u00e9checs aveugles et malvoyants sont beaucoup plus pr\u00e9sents dans le monde international des \u00e9checs que beaucoup ne le pensent ! [&hellip;]\" \/>\n<meta property=\"og:url\" content=\"https:\/\/chesscanada.net\/\" \/>\n<meta property=\"og:site_name\" content=\"Association jeu d&#039;\u00e9chec pour MalVoyant\" \/>\n<meta property=\"article:modified_time\" content=\"2022-05-19T05:37:38+00:00\" \/>\n<meta property=\"og:image\" content=\"https:\/\/chesscanada.net\/wp-content\/uploads\/2022\/05\/jeux-dechec-en-braille.jpeg\" \/>\n<meta name=\"twitter:card\" content=\"summary_large_image\" \/>\n<meta name=\"twitter:label1\" content=\"Est. reading time\" \/>\n\t<meta name=\"twitter:data1\" content=\"7 minutes\" \/>\n<script type=\"application\/ld+json\" class=\"yoast-schema-graph\">{\"@context\":\"https:\/\/schema.org\",\"@graph\":[{\"@type\":\"WebSite\",\"@id\":\"https:\/\/chesscanada.net\/#website\",\"url\":\"https:\/\/chesscanada.net\/\",\"name\":\"Association jeu d&#039;\u00e9chec pour MalVoyant\",\"description\":\"\",\"potentialAction\":[{\"@type\":\"SearchAction\",\"target\":{\"@type\":\"EntryPoint\",\"urlTemplate\":\"https:\/\/chesscanada.net\/?s={search_term_string}\"},\"query-input\":\"required name=search_term_string\"}],\"inLanguage\":\"en-US\"},{\"@type\":\"ImageObject\",\"inLanguage\":\"en-US\",\"@id\":\"https:\/\/chesscanada.net\/#primaryimage\",\"url\":\"https:\/\/chesscanada.net\/wp-content\/uploads\/2022\/05\/jeux-dechec-en-braille.jpeg\",\"contentUrl\":\"https:\/\/chesscanada.net\/wp-content\/uploads\/2022\/05\/jeux-dechec-en-braille.jpeg\",\"width\":600,\"height\":600},{\"@type\":\"WebPage\",\"@id\":\"https:\/\/chesscanada.net\/#webpage\",\"url\":\"https:\/\/chesscanada.net\/\",\"name\":\"Jeu d'\u00e9chec pour aveugle et mal voyant - Association jeu d&#039;\u00e9chec pour MalVoyant\",\"isPartOf\":{\"@id\":\"https:\/\/chesscanada.net\/#website\"},\"primaryImageOfPage\":{\"@id\":\"https:\/\/chesscanada.net\/#primaryimage\"},\"datePublished\":\"2022-05-19T05:33:46+00:00\",\"dateModified\":\"2022-05-19T05:37:38+00:00\",\"breadcrumb\":{\"@id\":\"https:\/\/chesscanada.net\/#breadcrumb\"},\"inLanguage\":\"en-US\",\"potentialAction\":[{\"@type\":\"ReadAction\",\"target\":[\"https:\/\/chesscanada.net\/\"]}]},{\"@type\":\"BreadcrumbList\",\"@id\":\"https:\/\/chesscanada.net\/#breadcrumb\",\"itemListElement\":[{\"@type\":\"ListItem\",\"position\":1,\"name\":\"Home\",\"item\":\"https:\/\/chesscanada.net\/\"},{\"@type\":\"ListItem\",\"position\":2,\"name\":\"Jeu d&#8217;\u00e9chec pour aveugle et mal voyant\"}]}]}<\/script>\n<!-- \/ Yoast SEO plugin. -->","yoast_head_json":{"title":"Jeu d'\u00e9chec pour aveugle et mal voyant - Association jeu d&#039;\u00e9chec pour MalVoyant","robots":{"index":"index","follow":"follow","max-snippet":"max-snippet:-1","max-image-preview":"max-image-preview:large","max-video-preview":"max-video-preview:-1"},"canonical":"https:\/\/chesscanada.net\/","og_locale":"en_US","og_type":"article","og_title":"Jeu d'\u00e9chec pour aveugle et mal voyant - Association jeu d&#039;\u00e9chec pour MalVoyant","og_description":"Braille et au-del\u00e0 &#8211; Explorer le monde des \u00e9checs avec des joueurs aveuglesDans le monde entier, des joueurs aveugles et malvoyants ont prouv\u00e9 que les \u00e9checs peuvent \u00eatre jou\u00e9s par n&#8217;importe qui ! Les joueurs d&#8217;\u00e9checs aveugles et malvoyants sont beaucoup plus pr\u00e9sents dans le monde international des \u00e9checs que beaucoup ne le pensent ! [&hellip;]","og_url":"https:\/\/chesscanada.net\/","og_site_name":"Association jeu d&#039;\u00e9chec pour MalVoyant","article_modified_time":"2022-05-19T05:37:38+00:00","og_image":[{"url":"https:\/\/chesscanada.net\/wp-content\/uploads\/2022\/05\/jeux-dechec-en-braille.jpeg"}],"twitter_card":"summary_large_image","twitter_misc":{"Est. reading time":"7 minutes"},"schema":{"@context":"https:\/\/schema.org","@graph":[{"@type":"WebSite","@id":"https:\/\/chesscanada.net\/#website","url":"https:\/\/chesscanada.net\/","name":"Association jeu d&#039;\u00e9chec pour MalVoyant","description":"","potentialAction":[{"@type":"SearchAction","target":{"@type":"EntryPoint","urlTemplate":"https:\/\/chesscanada.net\/?s={search_term_string}"},"query-input":"required name=search_term_string"}],"inLanguage":"en-US"},{"@type":"ImageObject","inLanguage":"en-US","@id":"https:\/\/chesscanada.net\/#primaryimage","url":"https:\/\/chesscanada.net\/wp-content\/uploads\/2022\/05\/jeux-dechec-en-braille.jpeg","contentUrl":"https:\/\/chesscanada.net\/wp-content\/uploads\/2022\/05\/jeux-dechec-en-braille.jpeg","width":600,"height":600},{"@type":"WebPage","@id":"https:\/\/chesscanada.net\/#webpage","url":"https:\/\/chesscanada.net\/","name":"Jeu d'\u00e9chec pour aveugle et mal voyant - Association jeu d&#039;\u00e9chec pour MalVoyant","isPartOf":{"@id":"https:\/\/chesscanada.net\/#website"},"primaryImageOfPage":{"@id":"https:\/\/chesscanada.net\/#primaryimage"},"datePublished":"2022-05-19T05:33:46+00:00","dateModified":"2022-05-19T05:37:38+00:00","breadcrumb":{"@id":"https:\/\/chesscanada.net\/#breadcrumb"},"inLanguage":"en-US","potentialAction":[{"@type":"ReadAction","target":["https:\/\/chesscanada.net\/"]}]},{"@type":"BreadcrumbList","@id":"https:\/\/chesscanada.net\/#breadcrumb","itemListElement":[{"@type":"ListItem","position":1,"name":"Home","item":"https:\/\/chesscanada.net\/"},{"@type":"ListItem","position":2,"name":"Jeu d&#8217;\u00e9chec pour aveugle et mal voyant"}]}]}},"_links":{"self":[{"href":"https:\/\/chesscanada.net\/index.php?rest_route=\/wp\/v2\/pages\/11"}],"collection":[{"href":"https:\/\/chesscanada.net\/index.php?rest_route=\/wp\/v2\/pages"}],"about":[{"href":"https:\/\/chesscanada.net\/index.php?rest_route=\/wp\/v2\/types\/page"}],"author":[{"embeddable":true,"href":"https:\/\/chesscanada.net\/index.php?rest_route=\/wp\/v2\/users\/1"}],"replies":[{"embeddable":true,"href":"https:\/\/chesscanada.net\/index.php?rest_route=%2Fwp%2Fv2%2Fcomments&post=11"}],"version-history":[{"count":2,"href":"https:\/\/chesscanada.net\/index.php?rest_route=\/wp\/v2\/pages\/11\/revisions"}],"predecessor-version":[{"id":17,"href":"https:\/\/chesscanada.net\/index.php?rest_route=\/wp\/v2\/pages\/11\/revisions\/17"}],"wp:attachment":[{"href":"https:\/\/chesscanada.net\/index.php?rest_route=%2Fwp%2Fv2%2Fmedia&parent=11"}],"curies":[{"name":"wp","href":"https:\/\/api.w.org\/{rel}","templated":true}]}}